{"id":11340,"date":"2022-04-08T11:33:27","date_gmt":"2022-04-08T11:33:27","guid":{"rendered":"https:\/\/winnerodds.com\/?page_id=11340"},"modified":"2025-04-14T15:56:32","modified_gmt":"2025-04-14T15:56:32","slug":"como-declarar-apuestas-deportivas-en-la-renta","status":"publish","type":"page","link":"https:\/\/winnerodds.com\/es\/como-declarar-apuestas-deportivas-en-la-renta\/","title":{"rendered":"Gu\u00eda: C\u00f3mo Declarar Apuestas Deportivas en la Renta | 2024"},"content":{"rendered":"\t\t<div data-elementor-type=\"wp-page\" data-elementor-id=\"11340\" class=\"elementor elementor-11340\" data-elementor-post-type=\"page\">\n\t\t\t\t\t\t<section class=\"elementor-section elementor-top-section elementor-element elementor-element-352da0c elementor-section-full_width elementor-section-height-default elementor-section-height-default\" data-id=\"352da0c\" data-element_type=\"section\" data-e-type=\"section\">\n\t\t\t\t\t\t<div class=\"elementor-container elementor-column-gap-default\">\n\t\t\t\t\t<div class=\"elementor-column elementor-col-100 elementor-top-column elementor-element elementor-element-4bc9a8e\" data-id=\"4bc9a8e\" data-element_type=\"column\" data-e-type=\"column\" data-settings=\"{&quot;background_background&quot;:&quot;gradient&quot;}\">\n\t\t\t<div class=\"elementor-widget-wrap elementor-element-populated\">\n\t\t\t\t\t\t<div class=\"elementor-element elementor-element-be0b0b8 elementor-widget elementor-widget-heading\" data-id=\"be0b0b8\" data-element_type=\"widget\" data-e-type=\"widget\" data-widget_type=\"heading.default\">\n\t\t\t\t<div class=\"elementor-widget-container\">\n\t\t\t\t\t<h1 class=\"elementor-heading-title elementor-size-default\">Fiscalidad apuestas deportivas<\/h1>\t\t\t\t<\/div>\n\t\t\t\t<\/div>\n\t\t\t\t\t<\/div>\n\t\t<\/div>\n\t\t\t\t\t<\/div>\n\t\t<\/section>\n\t\t\t\t<section class=\"elementor-section elementor-top-section elementor-element elementor-element-b25642b elementor-section-boxed elementor-section-height-default elementor-section-height-default\" data-id=\"b25642b\" data-element_type=\"section\" data-e-type=\"section\">\n\t\t\t\t\t\t<div class=\"elementor-container elementor-column-gap-default\">\n\t\t\t\t\t<div class=\"elementor-column elementor-col-100 elementor-top-column elementor-element elementor-element-3cea67b\" data-id=\"3cea67b\" data-element_type=\"column\" data-e-type=\"column\">\n\t\t\t<div class=\"elementor-widget-wrap elementor-element-populated\">\n\t\t\t\t\t\t<div class=\"elementor-element elementor-element-51d411b elementor-widget elementor-widget-image\" data-id=\"51d411b\" data-element_type=\"widget\" data-e-type=\"widget\" data-widget_type=\"image.default\">\n\t\t\t\t<div class=\"elementor-widget-container\">\n\t\t\t\t\t\t\t\t\t\t\t\t\t\t\t<img decoding=\"async\" src=\"https:\/\/winnerodds.com\/wp-content\/uploads\/2022\/04\/Illustrations-14-2.svg\" class=\"attachment-full size-full wp-image-11356\" alt=\"\" title=\"\">\t\t\t\t\t\t\t\t\t\t\t\t\t\t\t<\/div>\n\t\t\t\t<\/div>\n\t\t\t\t<div class=\"elementor-element elementor-element-57b9f48 elementor-widget elementor-widget-heading\" data-id=\"57b9f48\" data-element_type=\"widget\" data-e-type=\"widget\" data-widget_type=\"heading.default\">\n\t\t\t\t<div class=\"elementor-widget-container\">\n\t\t\t\t\t<h2 class=\"elementor-heading-title elementor-size-default\">C\u00f3mo Declarar Apuestas Deportivas en la Renta | Gu\u00eda 2024<\/h2>\t\t\t\t<\/div>\n\t\t\t\t<\/div>\n\t\t\t\t\t<\/div>\n\t\t<\/div>\n\t\t\t\t\t<\/div>\n\t\t<\/section>\n\t\t\t\t<section class=\"elementor-section elementor-top-section elementor-element elementor-element-5dc99c3 elementor-section-boxed elementor-section-height-default elementor-section-height-default\" data-id=\"5dc99c3\" data-element_type=\"section\" data-e-type=\"section\">\n\t\t\t\t\t\t<div class=\"elementor-container elementor-column-gap-default\">\n\t\t\t\t\t<div class=\"elementor-column elementor-col-50 elementor-top-column elementor-element elementor-element-4a2a5e5\" data-id=\"4a2a5e5\" data-element_type=\"column\" data-e-type=\"column\">\n\t\t\t<div class=\"elementor-widget-wrap elementor-element-populated\">\n\t\t\t\t\t\t<div class=\"elementor-element elementor-element-9059f90 elementor-widget elementor-widget-image\" data-id=\"9059f90\" data-element_type=\"widget\" data-e-type=\"widget\" data-widget_type=\"image.default\">\n\t\t\t\t<div class=\"elementor-widget-container\">\n\t\t\t\t\t\t\t\t\t\t\t\t\t\t\t<img decoding=\"async\" src=\"https:\/\/winnerodds.com\/wp-content\/uploads\/elementor\/thumbs\/6046208007735461272-r4cqr1i3qju3n9ko649h0y7gfx35xax1qrdswk4a5w.jpg\" title=\"6046208007735461272\" alt=\"6046208007735461272\" loading=\"lazy\" \/>\t\t\t\t\t\t\t\t\t\t\t\t\t\t\t<\/div>\n\t\t\t\t<\/div>\n\t\t\t\t\t<\/div>\n\t\t<\/div>\n\t\t\t\t<div class=\"elementor-column elementor-col-50 elementor-top-column elementor-element elementor-element-ded1360\" data-id=\"ded1360\" data-element_type=\"column\" data-e-type=\"column\">\n\t\t\t<div class=\"elementor-widget-wrap elementor-element-populated\">\n\t\t\t\t\t\t<div class=\"elementor-element elementor-element-ca9c5f0 elementor-widget elementor-widget-heading\" data-id=\"ca9c5f0\" data-element_type=\"widget\" data-e-type=\"widget\" data-widget_type=\"heading.default\">\n\t\t\t\t<div class=\"elementor-widget-container\">\n\t\t\t\t\t<h2 class=\"elementor-heading-title elementor-size-default\">Completa el formulario<br> para recibir el Ebook gratis<\/h2>\t\t\t\t<\/div>\n\t\t\t\t<\/div>\n\t\t\t\t<div class=\"elementor-element elementor-element-21c2027 elementor-widget elementor-widget-html\" data-id=\"21c2027\" data-element_type=\"widget\" data-e-type=\"widget\" data-widget_type=\"html.default\">\n\t\t\t\t<div class=\"elementor-widget-container\">\n\t\t\t\t\t<script type='text\/javascript' src='https:\/\/app.getresponse.com\/view_webform_v2.js?u=yDP8v&webforms_id=h4qi5'><\/script>\t\t\t\t<\/div>\n\t\t\t\t<\/div>\n\t\t\t\t\t<\/div>\n\t\t<\/div>\n\t\t\t\t\t<\/div>\n\t\t<\/section>\n\t\t\t\t<section class=\"elementor-section elementor-top-section elementor-element elementor-element-453f635 elementor-section-boxed elementor-section-height-default elementor-section-height-default\" data-id=\"453f635\" data-element_type=\"section\" data-e-type=\"section\" data-settings=\"{&quot;background_background&quot;:&quot;classic&quot;}\">\n\t\t\t\t\t\t<div class=\"elementor-container elementor-column-gap-default\">\n\t\t\t\t\t<div class=\"elementor-column elementor-col-100 elementor-top-column elementor-element elementor-element-15d8fe1\" data-id=\"15d8fe1\" data-element_type=\"column\" data-e-type=\"column\">\n\t\t\t<div class=\"elementor-widget-wrap elementor-element-populated\">\n\t\t\t\t\t\t<div class=\"elementor-element elementor-element-a16225e elementor-widget elementor-widget-text-editor\" data-id=\"a16225e\" data-element_type=\"widget\" data-e-type=\"widget\" data-widget_type=\"text-editor.default\">\n\t\t\t\t<div class=\"elementor-widget-container\">\n\t\t\t\t\t\t\t\t\t<p>\u00bfQu\u00e9 vas a\u00a0 aprender en este ebook?<\/p>\t\t\t\t\t\t\t\t<\/div>\n\t\t\t\t<\/div>\n\t\t\t\t<div class=\"elementor-element elementor-element-54cb41c elementor-widget elementor-widget-text-editor\" data-id=\"54cb41c\" data-element_type=\"widget\" data-e-type=\"widget\" data-widget_type=\"text-editor.default\">\n\t\t\t\t<div class=\"elementor-widget-container\">\n\t\t\t\t\t\t\t\t\t<p>Este ebook, te ayudar\u00e1 a entender que hacer apuestas deportivas y obtener beneficios con ello, no te librar\u00e1 de Hacienda. De hecho, no declarar tus ganancias te podr\u00eda llevar a desagradables sorpresas<\/p><p>Nadie quiere tener problemas con la agencia tributaria.<\/p><p>Podr\u00e1s resolver las dudas m\u00e1s comunes en relaci\u00f3n a este impuesto, en un formato de preguntas y respuestas que te har\u00e1 la lectura muy amena. Para ello, utilizaremos la propia informaci\u00f3n que la Direcci\u00f3n General de Tributos (DGT) nos proporciona en su base de datos de consultas, para contestar a esas preguntas de la manera m\u00e1s rigurosa posible.<\/p>\t\t\t\t\t\t\t\t<\/div>\n\t\t\t\t<\/div>\n\t\t\t\t<div class=\"elementor-element elementor-element-98afded elementor-widget elementor-widget-text-editor\" data-id=\"98afded\" data-element_type=\"widget\" data-e-type=\"widget\" data-widget_type=\"text-editor.default\">\n\t\t\t\t<div class=\"elementor-widget-container\">\n\t\t\t\t\t\t\t\t\t<p>Ferm\u00edn visier<\/p>\t\t\t\t\t\t\t\t<\/div>\n\t\t\t\t<\/div>\n\t\t\t\t\t<\/div>\n\t\t<\/div>\n\t\t\t\t\t<\/div>\n\t\t<\/section>\n\t\t\t\t<section class=\"elementor-section elementor-top-section elementor-element elementor-element-d8e50e1 elementor-section-boxed elementor-section-height-default elementor-section-height-default\" data-id=\"d8e50e1\" data-element_type=\"section\" data-e-type=\"section\">\n\t\t\t\t\t\t<div class=\"elementor-container elementor-column-gap-default\">\n\t\t\t\t\t<div class=\"elementor-column elementor-col-100 elementor-top-column elementor-element elementor-element-bfaaa45\" data-id=\"bfaaa45\" data-element_type=\"column\" data-e-type=\"column\">\n\t\t\t<div class=\"elementor-widget-wrap elementor-element-populated\">\n\t\t\t\t\t\t<div class=\"elementor-element elementor-element-4465e64 elementor-widget elementor-widget-heading\" data-id=\"4465e64\" data-element_type=\"widget\" data-e-type=\"widget\" data-widget_type=\"heading.default\">\n\t\t\t\t<div class=\"elementor-widget-container\">\n\t\t\t\t\t<h2 class=\"elementor-heading-title elementor-size-default\">\u00bfQu\u00e9 vas a aprender?<\/h2>\t\t\t\t<\/div>\n\t\t\t\t<\/div>\n\t\t\t\t<section class=\"elementor-section elementor-inner-section elementor-element elementor-element-e02ae43 elementor-section-boxed elementor-section-height-default elementor-section-height-default\" data-id=\"e02ae43\" data-element_type=\"section\" data-e-type=\"section\">\n\t\t\t\t\t\t<div class=\"elementor-container elementor-column-gap-default\">\n\t\t\t\t\t<div class=\"elementor-column elementor-col-50 elementor-inner-column elementor-element elementor-element-39c9733\" data-id=\"39c9733\" data-element_type=\"column\" data-e-type=\"column\">\n\t\t\t<div class=\"elementor-widget-wrap elementor-element-populated\">\n\t\t\t\t\t\t<div class=\"elementor-element elementor-element-3e05d1c elementor-widget elementor-widget-image\" data-id=\"3e05d1c\" data-element_type=\"widget\" data-e-type=\"widget\" data-widget_type=\"image.default\">\n\t\t\t\t<div class=\"elementor-widget-container\">\n\t\t\t\t\t\t\t\t\t\t\t\t\t\t\t<img fetchpriority=\"high\" decoding=\"async\" width=\"624\" height=\"649\" src=\"https:\/\/winnerodds.com\/wp-content\/uploads\/2022\/04\/Illustration1.png\" class=\"attachment-full size-full wp-image-11363\" alt=\"\" srcset=\"https:\/\/winnerodds.com\/wp-content\/uploads\/2022\/04\/Illustration1.png 624w, https:\/\/winnerodds.com\/wp-content\/uploads\/2022\/04\/Illustration1-288x300.png 288w\" sizes=\"(max-width: 624px) 100vw, 624px\" title=\"\">\t\t\t\t\t\t\t\t\t\t\t\t\t\t\t<\/div>\n\t\t\t\t<\/div>\n\t\t\t\t\t<\/div>\n\t\t<\/div>\n\t\t\t\t<div class=\"elementor-column elementor-col-50 elementor-inner-column elementor-element elementor-element-835f550\" data-id=\"835f550\" data-element_type=\"column\" data-e-type=\"column\">\n\t\t\t<div class=\"elementor-widget-wrap elementor-element-populated\">\n\t\t\t\t\t\t<div class=\"elementor-element elementor-element-b610bc1 elementor-widget elementor-widget-text-editor\" data-id=\"b610bc1\" data-element_type=\"widget\" data-e-type=\"widget\" data-widget_type=\"text-editor.default\">\n\t\t\t\t<div class=\"elementor-widget-container\">\n\t\t\t\t\t\t\t\t\t<ol>\n<li><strong>Los principios b\u00e1sicos del impuesto de IRPF y c\u00f3mo funciona.<\/strong> Qu\u00e9 es el IRPF, c\u00f3mo funciona y cu\u00e1les son sus caracter\u00edsticas principales. Aprender\u00e1s tambi\u00e9n la diferencia entre obligaci\u00f3n de declarar y obligaci\u00f3n de pagar impuestos, as\u00ed como aplicar correctamente las tablas del IRPF.<\/li>\n<li><strong>Respuesta a las preguntas m\u00e1s frecuentes sobre c\u00f3mo declarar tus beneficios en apuestas deportivas<\/strong> Contestaremos preguntas como, cu\u00e1ndo estoy obligado a declarar, saber, si por ejemplo tengo que declarar el beneficio aunque no haya retirado el dinero de la casa de apuestas, c\u00f3mo se aplica sin errores las tablas del IRPF e incluso a qu\u00e9 multas me expongo si no declaro mis ganancias.<\/li>\n<li><strong>Gu\u00eda de c\u00f3mo pedir los balances en las casas de apuestas y qu\u00e9 formulas necesitamos para calcular los beneficios<\/strong>&nbsp;Un art\u00edculo explicando c\u00f3mo se piden los balances en las distintas casas de apuestas de Espa\u00f1a y las f\u00f3rmulas para calcularlo.<\/li>\n<li><strong>\u00danica gu\u00eda que responde tus dudas con consultas vinculantes de la direcci\u00f3n general de tributos<\/strong> A diferencia del resto de gu\u00edas que encontrar\u00e1s por internet, aqu\u00ed queremos que la informaci\u00f3n sea la m\u00e1s estricta posible y para ellos utilizamos las consultas que la direcci\u00f3n general de tributos emite y su legislaci\u00f3n aplicable, as\u00ed como los distintos enlaces para que t\u00fa mismo puedas leerlas en cada caso concreto.<\/li>\n<li><strong><strong>Totalmente actualizado a 2024&nbsp;<\/strong><\/strong>Este ebook est\u00e1 actualizado al a\u00f1o 2024 y podr\u00e1 ser actualizado a\u00f1o tras a\u00f1o, para a\u00f1adir nuevas preguntas o modificar alguna situaci\u00f3n que hubiera cambiado. En el momento en que sea actualizado, se emitir\u00e1 expresamente en el ebook.<\/li>\n<\/ol>\t\t\t\t\t\t\t\t<\/div>\n\t\t\t\t<\/div>\n\t\t\t\t\t<\/div>\n\t\t<\/div>\n\t\t\t\t\t<\/div>\n\t\t<\/section>\n\t\t\t\t\t<\/div>\n\t\t<\/div>\n\t\t\t\t\t<\/div>\n\t\t<\/section>\n\t\t\t\t<section class=\"elementor-section elementor-top-section elementor-element elementor-element-cc005bb elementor-section-boxed elementor-section-height-default elementor-section-height-default\" data-id=\"cc005bb\" data-element_type=\"section\" data-e-type=\"section\" data-settings=\"{&quot;background_background&quot;:&quot;classic&quot;}\">\n\t\t\t\t\t\t<div class=\"elementor-container elementor-column-gap-wide\">\n\t\t\t\t\t<div class=\"elementor-column elementor-col-50 elementor-top-column elementor-element elementor-element-ba26bda\" data-id=\"ba26bda\" data-element_type=\"column\" data-e-type=\"column\">\n\t\t\t<div class=\"elementor-widget-wrap elementor-element-populated\">\n\t\t\t\t\t\t<div class=\"elementor-element elementor-element-d8753f5 elementor-widget elementor-widget-image\" data-id=\"d8753f5\" data-element_type=\"widget\" data-e-type=\"widget\" data-widget_type=\"image.default\">\n\t\t\t\t<div class=\"elementor-widget-container\">\n\t\t\t\t\t\t\t\t\t\t\t\t\t\t\t<img decoding=\"async\" width=\"477\" height=\"584\" src=\"https:\/\/winnerodds.com\/wp-content\/uploads\/2022\/04\/Schermafbeelding-2022-03-31-om-15.59.45.png\" class=\"attachment-full size-full wp-image-11361\" alt=\"\" srcset=\"https:\/\/winnerodds.com\/wp-content\/uploads\/2022\/04\/Schermafbeelding-2022-03-31-om-15.59.45.png 477w, https:\/\/winnerodds.com\/wp-content\/uploads\/2022\/04\/Schermafbeelding-2022-03-31-om-15.59.45-245x300.png 245w\" sizes=\"(max-width: 477px) 100vw, 477px\" title=\"\">\t\t\t\t\t\t\t\t\t\t\t\t\t\t\t<\/div>\n\t\t\t\t<\/div>\n\t\t\t\t\t<\/div>\n\t\t<\/div>\n\t\t\t\t<div class=\"elementor-column elementor-col-50 elementor-top-column elementor-element elementor-element-39a18eb\" data-id=\"39a18eb\" data-element_type=\"column\" data-e-type=\"column\">\n\t\t\t<div class=\"elementor-widget-wrap elementor-element-populated\">\n\t\t\t\t\t\t<div class=\"elementor-element elementor-element-f7776c2 elementor-widget elementor-widget-heading\" data-id=\"f7776c2\" data-element_type=\"widget\" data-e-type=\"widget\" data-widget_type=\"heading.default\">\n\t\t\t\t<div class=\"elementor-widget-container\">\n\t\t\t\t\t<h2 class=\"elementor-heading-title elementor-size-default\">Bio del autor<\/h2>\t\t\t\t<\/div>\n\t\t\t\t<\/div>\n\t\t\t\t<div class=\"elementor-element elementor-element-531c0b3 elementor-widget elementor-widget-text-editor\" data-id=\"531c0b3\" data-element_type=\"widget\" data-e-type=\"widget\" data-widget_type=\"text-editor.default\">\n\t\t\t\t<div class=\"elementor-widget-container\">\n\t\t\t\t\t\t\t\t\t<p>Mi nombre es Fermin Visier y soy un apasionado de las inversiones, las finanzas personales y en obtener nuevas v\u00edas de ingreso.Tambi\u00e9n soy usuario desde hace m\u00e1s de tres a\u00f1os en WinnerOdds. Diplomado en Relaciones laborales por la UV y Graduado en derecho por la Universitat Oberta de Catalunya.<\/p><p>Uno de los campos en d\u00f3nde m\u00e1s me he desarrollado es en la inversi\u00f3n en apuestas deportivas, siendo apostante desde hace m\u00e1s de 10 a\u00f1os.<\/p><p>Mi gran experiencia en este campo me ha permitido recopilar en este ebook las dudas m\u00e1s recurrentes que existen acerca de la fiscalidad en apuestas deportivas cotejadas con las \u00faltimas consultas a la Direcci\u00f3n General de Tributos.<\/p><p>Espero sea un contenido interesante.<\/p>\t\t\t\t\t\t\t\t<\/div>\n\t\t\t\t<\/div>\n\t\t\t\t\t<\/div>\n\t\t<\/div>\n\t\t\t\t\t<\/div>\n\t\t<\/section>\n\t\t\t\t<\/div>\n\t\t","protected":false},"excerpt":{"rendered":"<p>Fiscalidad apuestas deportivas C\u00f3mo Declarar Apuestas Deportivas en la Renta | Gu\u00eda 2024 Completa el formulario para recibir el Ebook gratis \u00bfQu\u00e9 vas a\u00a0 aprender en este ebook? Este ebook, te ayudar\u00e1 a entender que hacer apuestas deportivas y obtener beneficios con ello, no te librar\u00e1 de Hacienda. De hecho, no declarar tus ganancias te [&hellip;]<\/p>\n","protected":false},"author":1,"featured_media":0,"parent":0,"menu_order":0,"comment_status":"closed","ping_status":"closed","template":"","meta":{"_acf_changed":false,"footnotes":""},"class_list":["post-11340","page","type-page","status-publish","hentry"],"acf":[],"_links":{"self":[{"href":"https:\/\/winnerodds.com\/es\/wp-json\/wp\/v2\/pages\/11340","targetHints":{"allow":["GET"]}}],"collection":[{"href":"https:\/\/winnerodds.com\/es\/wp-json\/wp\/v2\/pages"}],"about":[{"href":"https:\/\/winnerodds.com\/es\/wp-json\/wp\/v2\/types\/page"}],"author":[{"embeddable":true,"href":"https:\/\/winnerodds.com\/es\/wp-json\/wp\/v2\/users\/1"}],"replies":[{"embeddable":true,"href":"https:\/\/winnerodds.com\/es\/wp-json\/wp\/v2\/comments?post=11340"}],"version-history":[{"count":0,"href":"https:\/\/winnerodds.com\/es\/wp-json\/wp\/v2\/pages\/11340\/revisions"}],"wp:attachment":[{"href":"https:\/\/winnerodds.com\/es\/wp-json\/wp\/v2\/media?parent=11340"}],"curies":[{"name":"wp","href":"https:\/\/api.w.org\/{rel}","templated":true}]}}