{"id":18205,"date":"2024-05-17T09:11:31","date_gmt":"2024-05-17T09:11:31","guid":{"rendered":"https:\/\/winnerodds.com\/editar-o-eliminar-apuestas-del-historico\/"},"modified":"2024-05-17T09:52:58","modified_gmt":"2024-05-17T09:52:58","slug":"editar-apuestas-historico-wotennis","status":"publish","type":"page","link":"https:\/\/winnerodds.com\/es\/editar-apuestas-historico-wotennis\/","title":{"rendered":"Editar o eliminar apuestas hist\u00f3rico WOtennis"},"content":{"rendered":"\n<p>S\u00ed, <\/p>\n\n\n\n<p>sabemos que leer una p\u00e1gina de instrucciones no es lo m\u00e1s emocionante del mundo. <\/p>\n\n\n\n<p><strong>Pero atiende bien, porque si no utilizas esta funcionalidad como es debido, perder\u00e1s el acceso a ella.<\/strong><\/p>\n\n\n\n<p>Avisado est\u00e1s.<\/p>\n\n\n\n<p>Bien. En el caso que, durante el marcado de la apuesta hayas cometido alg\u00fan error o la casa de apuestas te haya modificado algo a posteriori,<\/p>\n\n\n\n<p><span style=\"text-decoration: underline;\">durante las 48 horas posteriores a la finalizaci\u00f3n del partido<\/span>, dispones de una ventana de tiempo con estas opciones de edici\u00f3n de tu apuesta:<\/p>\n\n\n\n<h2 class=\"wp-block-heading\"><strong>1) Editar apuesta:<\/strong><\/h2>\n\n\n\n<p>Tienes 3 opciones para editar la apuesta:<\/p>\n\n\n\n<ol class=\"wp-block-list\">\n<li>Editar la cuota a la que has apostado.<\/li>\n\n\n\n<li>Editar el tama\u00f1o de apuesta que has invertido.<\/li>\n\n\n\n<li>Editar la regla de la casa de apuestas para dar el partido como v\u00e1lido o anulado.<\/li>\n<\/ol>\n\n\n\n<h3 class=\"wp-block-heading\">1.1) Editar cuota<\/h3>\n\n\n\n<p>Si has guardado una cuota diferente a la apostada, o si la casa te \u00abcorrige\u00bb la cuota, puedes modificar la cuota guardada en el hist\u00f3rico personal.<\/p>\n\n\n\n<h3 class=\"wp-block-heading\">1.2) Editar tama\u00f1o de apuesta<\/h3>\n\n\n\n<p>Simple. <\/p>\n\n\n\n<p>Si te has equivocado en el tama\u00f1o de apuesta, al apostar en la casa o al guardar la apuesta en \u00abodds\u00bb, puedes corregir la cantidad apostada para que sea igual que la cantidad apostada en la casa.<\/p>\n\n\n\n<h3 class=\"wp-block-heading\">1.3) Editar regla<\/h3>\n\n\n\n<p>Si el partido, por lo que sea, no termina hasta el \u00faltimo punto,<\/p>\n\n\n\n<p>las casas de apuestas aplican unas reglas de anulaci\u00f3n o resoluci\u00f3n del partido.<\/p>\n\n\n\n<p><span style=\"text-decoration: underline;\">Las reglas de las bookies para partidos de Tennis son:<\/span><\/p>\n\n\n\n<p><strong>\u2014Punto: <\/strong>Si en el partido se ha jugado un solo punto, pase lo que pase, se resuelve el partido. En ocasiones, algunas casas como bet365, te pagan si el rival se retira (solo algunos torneos).<\/p>\n\n\n\n<p><strong>\u2014Juego:<\/strong> Se ha de jugar al menos un juego completo para resolver, si no, se devuelve la apuesta.<\/p>\n\n\n\n<p><strong>\u2014Set: <\/strong>Se ha de jugar al menos un juego completo para resolver, si no, se devuelve la apuesta.<\/p>\n\n\n\n<p><strong>\u2014Partido: <\/strong>Ha de terminar el partido completo para resolver la apuesta, si no, se devuelve.<\/p>\n\n\n\n<p><strong>\u2014Apuesta cancelada: <\/strong>Se devuelve el importe por diversas razones, como que la casa considere que la apuesta se ha realizado a cuota \u00abincorrecta\u00bb.<\/p>\n\n\n\n<p>WO aplica autom\u00e1ticamente estas reglas de devoluci\u00f3n o resoluci\u00f3n a la mayor\u00eda de casas monitorizadas.<\/p>\n\n\n\n<p>Pero puede que t\u00fa est\u00e9s marcando apuestas en alguna casa no monitorizada y de esta manera podr\u00e1s aplicar las reglas de resoluci\u00f3n cuando no coincida en esos casos.<\/p>\n\n\n\n<h2 class=\"wp-block-heading\">2) Opci\u00f3n \u00abborrar apuesta\u00bb<\/h2>\n\n\n\n<p>Si te han cancelado la apuesta, o no la aceptaron, o es apuesta err\u00f3nea, la puedes borrar.<\/p>\n\n\n\n<p>&#8211;<\/p>\n\n\n\n<p><strong>Nota: <\/strong>Mantener un hist\u00f3rico fiel a la realidad es muy importante para nosotros, pero tambi\u00e9n para ti. Por eso ofrecemos esta funcionalidad. <\/p>\n\n\n\n<p><em>Pero la confianza, con confianza se debe pagar.<\/em><\/p>\n\n\n\n<p>Si no cumples tu parte y vemos cosas raras, te quitaremos la opci\u00f3n de editar tus apuestas. <\/p>\n\n\n\n<p>Cualquier duda, ya sabes d\u00f3nde encontrarnos.<\/p>\n","protected":false},"excerpt":{"rendered":"<p>S\u00ed, sabemos que leer una p\u00e1gina de instrucciones no es lo m\u00e1s emocionante del mundo. Pero atiende bien, porque si no utilizas esta funcionalidad como es debido, perder\u00e1s el acceso a ella. Avisado est\u00e1s. Bien. En el caso que, durante el marcado de la apuesta hayas cometido alg\u00fan error o la casa de apuestas te [&hellip;]<\/p>\n","protected":false},"author":1,"featured_media":0,"parent":0,"menu_order":0,"comment_status":"closed","ping_status":"closed","template":"","meta":{"_acf_changed":false,"footnotes":""},"class_list":["post-18205","page","type-page","status-publish","hentry"],"acf":[],"_links":{"self":[{"href":"https:\/\/winnerodds.com\/es\/wp-json\/wp\/v2\/pages\/18205","targetHints":{"allow":["GET"]}}],"collection":[{"href":"https:\/\/winnerodds.com\/es\/wp-json\/wp\/v2\/pages"}],"about":[{"href":"https:\/\/winnerodds.com\/es\/wp-json\/wp\/v2\/types\/page"}],"author":[{"embeddable":true,"href":"https:\/\/winnerodds.com\/es\/wp-json\/wp\/v2\/users\/1"}],"replies":[{"embeddable":true,"href":"https:\/\/winnerodds.com\/es\/wp-json\/wp\/v2\/comments?post=18205"}],"version-history":[{"count":0,"href":"https:\/\/winnerodds.com\/es\/wp-json\/wp\/v2\/pages\/18205\/revisions"}],"wp:attachment":[{"href":"https:\/\/winnerodds.com\/es\/wp-json\/wp\/v2\/media?parent=18205"}],"curies":[{"name":"wp","href":"https:\/\/api.w.org\/{rel}","templated":true}]}}