{"id":20575,"date":"2025-02-07T15:48:56","date_gmt":"2025-02-07T15:48:56","guid":{"rendered":"https:\/\/winnerodds.com\/empezar\/"},"modified":"2025-02-07T17:03:41","modified_gmt":"2025-02-07T17:03:41","slug":"empezar","status":"publish","type":"page","link":"https:\/\/winnerodds.com\/es\/empezar\/","title":{"rendered":"Empezar"},"content":{"rendered":"\t\t<div data-elementor-type=\"wp-page\" data-elementor-id=\"20575\" class=\"elementor elementor-20575 elementor-20057\" data-elementor-post-type=\"page\">\n\t\t\t\t\t\t<section class=\"elementor-section elementor-top-section elementor-element elementor-element-a31ca20 elementor-section-full_width elementor-section-height-default elementor-section-height-default\" data-id=\"a31ca20\" data-element_type=\"section\" data-e-type=\"section\">\n\t\t\t\t\t\t<div class=\"elementor-container elementor-column-gap-default\">\n\t\t\t\t\t<div class=\"elementor-column elementor-col-100 elementor-top-column elementor-element elementor-element-c0ddbbf\" data-id=\"c0ddbbf\" data-element_type=\"column\" data-e-type=\"column\" data-settings=\"{&quot;background_background&quot;:&quot;gradient&quot;}\">\n\t\t\t<div class=\"elementor-widget-wrap elementor-element-populated\">\n\t\t\t\t\t\t<div class=\"elementor-element elementor-element-23b2da8 elementor-widget elementor-widget-heading\" data-id=\"23b2da8\" data-element_type=\"widget\" data-e-type=\"widget\" data-widget_type=\"heading.default\">\n\t\t\t\t<div class=\"elementor-widget-container\">\n\t\t\t\t\t<h1 class=\"elementor-heading-title elementor-size-default\">Empezar<\/h1>\t\t\t\t<\/div>\n\t\t\t\t<\/div>\n\t\t\t\t\t<\/div>\n\t\t<\/div>\n\t\t\t\t\t<\/div>\n\t\t<\/section>\n\t\t\t\t<section class=\"elementor-section elementor-top-section elementor-element elementor-element-b53a7bc elementor-section-boxed elementor-section-height-default elementor-section-height-default\" data-id=\"b53a7bc\" data-element_type=\"section\" data-e-type=\"section\">\n\t\t\t\t\t\t<div class=\"elementor-container elementor-column-gap-default\">\n\t\t\t\t\t<div class=\"elementor-column elementor-col-100 elementor-top-column elementor-element elementor-element-cf6b3e3\" data-id=\"cf6b3e3\" data-element_type=\"column\" data-e-type=\"column\">\n\t\t\t<div class=\"elementor-widget-wrap elementor-element-populated\">\n\t\t\t\t\t\t<div class=\"elementor-element elementor-element-6e970e2 elementor-widget elementor-widget-image\" data-id=\"6e970e2\" data-element_type=\"widget\" data-e-type=\"widget\" data-widget_type=\"image.default\">\n\t\t\t\t<div class=\"elementor-widget-container\">\n\t\t\t\t\t\t\t\t\t\t\t\t\t\t\t<img fetchpriority=\"high\" decoding=\"async\" width=\"368\" height=\"277\" src=\"https:\/\/winnerodds.com\/wp-content\/uploads\/2020\/06\/il_howituse.png\" class=\"attachment-full size-full wp-image-6318\" alt=\"\" srcset=\"https:\/\/winnerodds.com\/wp-content\/uploads\/2020\/06\/il_howituse.png 368w, https:\/\/winnerodds.com\/wp-content\/uploads\/2020\/06\/il_howituse-300x226.png 300w\" sizes=\"(max-width: 368px) 100vw, 368px\" title=\"\">\t\t\t\t\t\t\t\t\t\t\t\t\t\t\t<\/div>\n\t\t\t\t<\/div>\n\t\t\t\t<section class=\"elementor-section elementor-inner-section elementor-element elementor-element-8c836e5 elementor-section-boxed elementor-section-height-default elementor-section-height-default\" data-id=\"8c836e5\" data-element_type=\"section\" data-e-type=\"section\">\n\t\t\t\t\t\t<div class=\"elementor-container elementor-column-gap-default\">\n\t\t\t\t\t<div class=\"elementor-column elementor-col-100 elementor-inner-column elementor-element elementor-element-d1a8926 custom-link__fix\" data-id=\"d1a8926\" data-element_type=\"column\" data-e-type=\"column\">\n\t\t\t<div class=\"elementor-widget-wrap elementor-element-populated\">\n\t\t\t\t\t\t<div class=\"elementor-element elementor-element-7ef36a4 elementor-widget elementor-widget-table-of-contents\" data-id=\"7ef36a4\" data-element_type=\"widget\" data-e-type=\"widget\" data-settings=\"{&quot;headings_by_tags&quot;:[&quot;h2&quot;,&quot;h3&quot;],&quot;exclude_headings_by_selector&quot;:[],&quot;marker_view&quot;:&quot;bullets&quot;,&quot;icon&quot;:{&quot;value&quot;:&quot;&quot;,&quot;library&quot;:&quot;&quot;},&quot;no_headings_message&quot;:&quot;No headings were found on this page.&quot;,&quot;hierarchical_view&quot;:&quot;yes&quot;,&quot;min_height&quot;:{&quot;unit&quot;:&quot;px&quot;,&quot;size&quot;:&quot;&quot;,&quot;sizes&quot;:[]},&quot;min_height_laptop&quot;:{&quot;unit&quot;:&quot;px&quot;,&quot;size&quot;:&quot;&quot;,&quot;sizes&quot;:[]},&quot;min_height_tablet&quot;:{&quot;unit&quot;:&quot;px&quot;,&quot;size&quot;:&quot;&quot;,&quot;sizes&quot;:[]},&quot;min_height_mobile&quot;:{&quot;unit&quot;:&quot;px&quot;,&quot;size&quot;:&quot;&quot;,&quot;sizes&quot;:[]}}\" data-widget_type=\"table-of-contents.default\">\n\t\t\t\t<div class=\"elementor-widget-container\">\n\t\t\t\t\t\t\t\t\t<div class=\"elementor-toc__header\">\n\t\t\t\t\t\t<h3 class=\"elementor-toc__header-title\">\n\t\t\t\tEmpezar\t\t\t<\/h3>\n\t\t\t\t\t\t\t\t<\/div>\n\t\t\t\t<div id=\"elementor-toc__7ef36a4\" class=\"elementor-toc__body\">\n\t\t\t<div class=\"elementor-toc__spinner-container\">\n\t\t\t\t<i class=\"elementor-toc__spinner eicon-animation-spin eicon-loading\" aria-hidden=\"true\"><\/i>\t\t\t<\/div>\n\t\t<\/div>\n\t\t\t\t\t\t<\/div>\n\t\t\t\t<\/div>\n\t\t\t\t<div class=\"elementor-element elementor-element-d82af71 elementor-widget elementor-widget-text-editor\" data-id=\"d82af71\" data-element_type=\"widget\" data-e-type=\"widget\" data-widget_type=\"text-editor.default\">\n\t\t\t\t<div class=\"elementor-widget-container\">\n\t\t\t\t\t\t\t\t\t<p><span style=\"font-weight: 400;\">Sabemos que empezar con algo tan nuevo puede ser un poco abrumador.<\/span><\/p><p><span style=\"font-weight: 400;\">Y por eso te mandamos este email.\u00a0<\/span><\/p><p><span style=\"font-weight: 400;\">Queremos ayudarte a dar tus primeros pasos en <\/span><b>WinnerOdds <\/b><span style=\"font-weight: 400;\">para que puedas sacar el m\u00e1ximo partido a la herramienta desde el primer momento.<\/span><\/p><p><span style=\"font-weight: 400;\">Vamos all\u00e1&#8230;.<\/span><\/p>\t\t\t\t\t\t\t\t<\/div>\n\t\t\t\t<\/div>\n\t\t\t\t<div class=\"elementor-element elementor-element-d15e282 elementor-widget__width-auto elementor-widget elementor-widget-heading\" data-id=\"d15e282\" data-element_type=\"widget\" data-e-type=\"widget\" data-widget_type=\"heading.default\">\n\t\t\t\t<div class=\"elementor-widget-container\">\n\t\t\t\t\t<div class=\"elementor-heading-title elementor-size-default\">01<\/div>\t\t\t\t<\/div>\n\t\t\t\t<\/div>\n\t\t\t\t<div class=\"elementor-element elementor-element-6020262 elementor-widget elementor-widget-heading\" data-id=\"6020262\" data-element_type=\"widget\" data-e-type=\"widget\" data-widget_type=\"heading.default\">\n\t\t\t\t<div class=\"elementor-widget-container\">\n\t\t\t\t\t<h2 class=\"elementor-heading-title elementor-size-default\">SI TU PROBLEMA ES ENTENDER C\u00d3MO FUNCIONA WINNERODDS, TIENES...<\/h2>\t\t\t\t<\/div>\n\t\t\t\t<\/div>\n\t\t\t\t<div class=\"elementor-element elementor-element-deebe8a elementor-widget elementor-widget-text-editor\" data-id=\"deebe8a\" data-element_type=\"widget\" data-e-type=\"widget\" data-widget_type=\"text-editor.default\">\n\t\t\t\t<div class=\"elementor-widget-container\">\n\t\t\t\t\t\t\t\t\t<ul><li aria-level=\"1\"><a href=\"https:\/\/winnerodds.com\/es\/como-funciona\/\" target=\"_blank\" rel=\"noopener\">Dec\u00e1logo de WinnerOdds<\/a>: Las 10 reglas clave para entender c\u00f3mo funciona nuestra herramienta y c\u00f3mo sacarle el m\u00e1ximo provecho.<\/li><li aria-level=\"1\"><a href=\"https:\/\/winnerodds.com\/es\/como-ganar-dinero-apostando\/\" target=\"_blank\" rel=\"noopener\">Ebook Gratuito: C\u00f3mo ganar dinero apostando, por Miguel Figueres<\/a>: que explica c\u00f3mo funciona la ciencia del juego.<\/li><li aria-level=\"1\"><a href=\"https:\/\/winnerodds.com\/es\/\" target=\"_blank\" rel=\"noopener\">Un completo OnBoarding grabado por nuestro CEO<\/a>: Con dos cap\u00edtulos d\u00f3nde te explicamos c\u00f3mo funciona la herramienta por dentro y te damos consejos claves para comportarte como un pro desde el primer d\u00eda.<\/li><\/ul>\t\t\t\t\t\t\t\t<\/div>\n\t\t\t\t<\/div>\n\t\t\t\t<div class=\"elementor-element elementor-element-a782ae7 elementor-widget elementor-widget-video\" data-id=\"a782ae7\" data-element_type=\"widget\" data-e-type=\"widget\" data-settings=\"{&quot;youtube_url&quot;:&quot;https:\\\/\\\/www.youtube.com\\\/watch?v=lLzXhjE4BBA&quot;,&quot;video_type&quot;:&quot;youtube&quot;,&quot;controls&quot;:&quot;yes&quot;}\" data-widget_type=\"video.default\">\n\t\t\t\t<div class=\"elementor-widget-container\">\n\t\t\t\t\t\t\t<div class=\"elementor-wrapper elementor-open-inline\">\n\t\t\t<div class=\"elementor-video\"><\/div>\t\t<\/div>\n\t\t\t\t\t\t<\/div>\n\t\t\t\t<\/div>\n\t\t\t\t<div class=\"elementor-element elementor-element-04640f2 elementor-widget elementor-widget-video\" data-id=\"04640f2\" data-element_type=\"widget\" data-e-type=\"widget\" data-settings=\"{&quot;youtube_url&quot;:&quot;https:\\\/\\\/www.youtube.com\\\/watch?v=_HHkRiPMFoc&quot;,&quot;video_type&quot;:&quot;youtube&quot;,&quot;controls&quot;:&quot;yes&quot;}\" data-widget_type=\"video.default\">\n\t\t\t\t<div class=\"elementor-widget-container\">\n\t\t\t\t\t\t\t<div class=\"elementor-wrapper elementor-open-inline\">\n\t\t\t<div class=\"elementor-video\"><\/div>\t\t<\/div>\n\t\t\t\t\t\t<\/div>\n\t\t\t\t<\/div>\n\t\t\t\t<div class=\"elementor-element elementor-element-b25f3f0 elementor-widget__width-auto elementor-widget elementor-widget-heading\" data-id=\"b25f3f0\" data-element_type=\"widget\" data-e-type=\"widget\" data-widget_type=\"heading.default\">\n\t\t\t\t<div class=\"elementor-widget-container\">\n\t\t\t\t\t<div class=\"elementor-heading-title elementor-size-default\">02<\/div>\t\t\t\t<\/div>\n\t\t\t\t<\/div>\n\t\t\t\t<div class=\"elementor-element elementor-element-14ee74f elementor-widget elementor-widget-heading\" data-id=\"14ee74f\" data-element_type=\"widget\" data-e-type=\"widget\" data-widget_type=\"heading.default\">\n\t\t\t\t<div class=\"elementor-widget-container\">\n\t\t\t\t\t<h2 class=\"elementor-heading-title elementor-size-default\">SI TU PROBLEMA ES ENTENDER C\u00d3MO GESTIONAR LA BANCA Y LAS APUESTAS, TIENES...<\/h2>\t\t\t\t<\/div>\n\t\t\t\t<\/div>\n\t\t\t\t<div class=\"elementor-element elementor-element-b83a744 elementor-widget elementor-widget-text-editor\" data-id=\"b83a744\" data-element_type=\"widget\" data-e-type=\"widget\" data-widget_type=\"text-editor.default\">\n\t\t\t\t<div class=\"elementor-widget-container\">\n\t\t\t\t\t\t\t\t\t<ul>\n \t<li aria-level=\"1\"><a href=\"https:\/\/winnerodds.com\/es\/banca-recomendada-guia-para-calcularla\/\" target=\"_blank\">Banca recomendada<\/a>: Aprende a calcular y gestionar tu banca de manera eficiente para sacar el m\u00e1ximo partido a WinnerOdds<\/li>\n \t<li aria-level=\"1\"><a href=\"https:\/\/winnerodds.com\/es\/money-management-actualizar-la-banca-aumenta-los-beneficios-y-reduce-las-perdidas-en-las-apuestas\/\" target=\"_blank\">Money Management<\/a>: Claves para gestionar tu dinero correctamente y lograr una mayor estabilidad en tus apuestas.<\/li>\n \t<li aria-level=\"1\"><a href=\"https:\/\/winnerodds.com\/es\/apuestas-de-valor-con-cuota-minima-dinamica\/\" target=\"_blank\">Cuota m\u00ednima din\u00e1mica<\/a>: Te explicamos qu\u00e9 es la cuota m\u00ednima de WinnerOdds y por qu\u00e9 es din\u00e1mica<\/li>\n \t<li aria-level=\"1\">\u00bfC\u00f3mo calcula WinnerOdds el stake por apuesta?: Y por qu\u00e9 lo hacemos as\u00ed, y no de otra forma<\/li>\n<\/ul>\t\t\t\t\t\t\t\t<\/div>\n\t\t\t\t<\/div>\n\t\t\t\t<div class=\"elementor-element elementor-element-eeb4d11 elementor-widget__width-auto elementor-widget elementor-widget-heading\" data-id=\"eeb4d11\" data-element_type=\"widget\" data-e-type=\"widget\" data-widget_type=\"heading.default\">\n\t\t\t\t<div class=\"elementor-widget-container\">\n\t\t\t\t\t<div class=\"elementor-heading-title elementor-size-default\">03<\/div>\t\t\t\t<\/div>\n\t\t\t\t<\/div>\n\t\t\t\t<div class=\"elementor-element elementor-element-7d85b94 elementor-widget elementor-widget-heading\" data-id=\"7d85b94\" data-element_type=\"widget\" data-e-type=\"widget\" data-widget_type=\"heading.default\">\n\t\t\t\t<div class=\"elementor-widget-container\">\n\t\t\t\t\t<h2 class=\"elementor-heading-title elementor-size-default\">SI TU PROBLEMA SON LAS LIMITACIONES DE LAS CASAS DE APUESTAS, TIENES...<\/h2>\t\t\t\t<\/div>\n\t\t\t\t<\/div>\n\t\t\t\t<div class=\"elementor-element elementor-element-8156428 elementor-widget elementor-widget-text-editor\" data-id=\"8156428\" data-element_type=\"widget\" data-e-type=\"widget\" data-widget_type=\"text-editor.default\">\n\t\t\t\t<div class=\"elementor-widget-container\">\n\t\t\t\t\t\t\t\t\t<ul>\n \t<li aria-level=\"1\"><a href=\"https:\/\/winnerodds.com\/es\/casas-de-apuestas\/\" target=\"_blank\">Las casas de apuestas que WinnerOdds monitoriza<\/a>: Conoce qu\u00e9 casas trabajamos y c\u00f3mo aprovecharlas en tu pa\u00eds.<\/li>\n \t<li aria-level=\"1\"><a href=\"https:\/\/youtu.be\/M2IG8JqIOqY\" target=\"_blank\" rel=\"noopener\">Truco para alargar cuentas<\/a>: Grabamos un directo, donde te ense\u00f1amos c\u00f3mo evitar que te limiten las cuentas r\u00e1pidamente y qu\u00e9 hacer para alargar su vida \u00fatil.<\/li>\n \t<li aria-level=\"1\"><a href=\"https:\/\/winnerodds.com\/es\/\" target=\"_blank\">C\u00f3mo superar las limitaciones y seguir siendo rentable:<\/a> Aprende c\u00f3mo adaptar tu estrategia si te encuentras con limitaciones en las casas de apuestas.<\/li>\n<\/ul>\t\t\t\t\t\t\t\t<\/div>\n\t\t\t\t<\/div>\n\t\t\t\t<div class=\"elementor-element elementor-element-633ca6b elementor-widget__width-auto elementor-widget elementor-widget-heading\" data-id=\"633ca6b\" data-element_type=\"widget\" data-e-type=\"widget\" data-widget_type=\"heading.default\">\n\t\t\t\t<div class=\"elementor-widget-container\">\n\t\t\t\t\t<div class=\"elementor-heading-title elementor-size-default\">04<\/div>\t\t\t\t<\/div>\n\t\t\t\t<\/div>\n\t\t\t\t<div class=\"elementor-element elementor-element-d4a9e46 elementor-widget elementor-widget-heading\" data-id=\"d4a9e46\" data-element_type=\"widget\" data-e-type=\"widget\" data-widget_type=\"heading.default\">\n\t\t\t\t<div class=\"elementor-widget-container\">\n\t\t\t\t\t<h2 class=\"elementor-heading-title elementor-size-default\">SI TU PROBLEMA ES LA MENTALIDAD CORRECTA PARA TRIUNFAR, TIENES...<\/h2>\t\t\t\t<\/div>\n\t\t\t\t<\/div>\n\t\t\t\t<div class=\"elementor-element elementor-element-819784b elementor-widget elementor-widget-text-editor\" data-id=\"819784b\" data-element_type=\"widget\" data-e-type=\"widget\" data-widget_type=\"text-editor.default\">\n\t\t\t\t<div class=\"elementor-widget-container\">\n\t\t\t\t\t\t\t\t\t<ul><li><a href=\"https:\/\/winnerodds.com\/es\/cuatro-modelos-mentales-para-potenciar-tus-resultados-en-winnerodds\/\" target=\"_blank\" rel=\"noopener\">Cuatro modelos mentales para potenciar tus resultados<\/a>: Estrategias clave para ajustar tu mentalidad y lograr un \u00e9xito constante en las apuestas.<\/li><li><a href=\"https:\/\/winnerodds.com\/es\/como-tener-buena-suerte-en-las-apuestas-deportivas\/\" target=\"_blank\" rel=\"noopener\">C\u00f3mo tener buena suerte en las apuestas deportivas<\/a>: Entiende el papel que juega la suerte y c\u00f3mo puedes mejorar tus resultados.<\/li><li style=\"list-style-type: none;\">\u00a0<\/li><\/ul>\t\t\t\t\t\t\t\t<\/div>\n\t\t\t\t<\/div>\n\t\t\t\t<div class=\"elementor-element elementor-element-c231e60 elementor-widget__width-auto elementor-widget elementor-widget-heading\" data-id=\"c231e60\" data-element_type=\"widget\" data-e-type=\"widget\" data-widget_type=\"heading.default\">\n\t\t\t\t<div class=\"elementor-widget-container\">\n\t\t\t\t\t<div class=\"elementor-heading-title elementor-size-default\">05<\/div>\t\t\t\t<\/div>\n\t\t\t\t<\/div>\n\t\t\t\t<div class=\"elementor-element elementor-element-b2255af elementor-widget elementor-widget-heading\" data-id=\"b2255af\" data-element_type=\"widget\" data-e-type=\"widget\" data-widget_type=\"heading.default\">\n\t\t\t\t<div class=\"elementor-widget-container\">\n\t\t\t\t\t<h2 class=\"elementor-heading-title elementor-size-default\">SI PREFIERES CONTENIDO AUDIOVISUAL (Y VERNOS LAS CARAS) TIENES...<\/h2>\t\t\t\t<\/div>\n\t\t\t\t<\/div>\n\t\t\t\t<div class=\"elementor-element elementor-element-d9a932c elementor-widget elementor-widget-text-editor\" data-id=\"d9a932c\" data-element_type=\"widget\" data-e-type=\"widget\" data-widget_type=\"text-editor.default\">\n\t\t\t\t<div class=\"elementor-widget-container\">\n\t\t\t\t\t\t\t\t\t<ul>\n \t<li aria-level=\"1\"><a href=\"https:\/\/open.spotify.com\/show\/1Am5HaLxIFE08fsjI40EBW\" target=\"_blank\" rel=\"noopener\">Podcast de WinnerOdds en Spotify<\/a><\/li>\n \t<li aria-level=\"1\"><a href=\"https:\/\/www.youtube.com\/channel\/UCHHco-Cbi-V2ck05h1yOekg\" target=\"_blank\" rel=\"noopener\">Directos en nuestro canal de YouTube<\/a><\/li>\n<\/ul>\t\t\t\t\t\t\t\t<\/div>\n\t\t\t\t<\/div>\n\t\t\t\t<div class=\"elementor-element elementor-element-c57bc8a elementor-widget__width-auto elementor-widget elementor-widget-heading\" data-id=\"c57bc8a\" data-element_type=\"widget\" data-e-type=\"widget\" data-widget_type=\"heading.default\">\n\t\t\t\t<div class=\"elementor-widget-container\">\n\t\t\t\t\t<div class=\"elementor-heading-title elementor-size-default\">06<\/div>\t\t\t\t<\/div>\n\t\t\t\t<\/div>\n\t\t\t\t<div class=\"elementor-element elementor-element-4dd332d elementor-widget elementor-widget-heading\" data-id=\"4dd332d\" data-element_type=\"widget\" data-e-type=\"widget\" data-widget_type=\"heading.default\">\n\t\t\t\t<div class=\"elementor-widget-container\">\n\t\t\t\t\t<h2 class=\"elementor-heading-title elementor-size-default\">SI LO QUE TE INTERESA ES SABER CU\u00c1NTO PUEDES GANAR EN WO, TIENES...<\/h2>\t\t\t\t<\/div>\n\t\t\t\t<\/div>\n\t\t\t\t<div class=\"elementor-element elementor-element-395510a elementor-widget elementor-widget-text-editor\" data-id=\"395510a\" data-element_type=\"widget\" data-e-type=\"widget\" data-widget_type=\"text-editor.default\">\n\t\t\t\t<div class=\"elementor-widget-container\">\n\t\t\t\t\t\t\t\t\t<ul><li><a href=\"https:\/\/winnerodds.com\/es\/resultados-de-winnerodds-tenis-2024\/\" target=\"_blank\" rel=\"noopener\">Resultados de WinnerOdds Tenis<\/a><\/li><li><a href=\"https:\/\/winnerodds.com\/es\/futbol\/\" target=\"_blank\" rel=\"noopener\">Resultados de WinnerOdds F\u00fatbol<\/a><\/li><\/ul><p>\u00a0<\/p><p>Adem\u00e1s, aqu\u00ed te explicamos <a href=\"https:\/\/winnerodds.com\/es\/tenis\/\" target=\"_blank\" rel=\"noopener\">c\u00f3mo calculamos nuestros resultados<\/a>, para que sepas de d\u00f3nde sale todo.<\/p>\t\t\t\t\t\t\t\t<\/div>\n\t\t\t\t<\/div>\n\t\t\t\t<div class=\"elementor-element elementor-element-fa1191f elementor-widget__width-auto elementor-widget elementor-widget-heading\" data-id=\"fa1191f\" data-element_type=\"widget\" data-e-type=\"widget\" data-widget_type=\"heading.default\">\n\t\t\t\t<div class=\"elementor-widget-container\">\n\t\t\t\t\t<div class=\"elementor-heading-title elementor-size-default\">07<\/div>\t\t\t\t<\/div>\n\t\t\t\t<\/div>\n\t\t\t\t<div class=\"elementor-element elementor-element-63e2f22 elementor-widget elementor-widget-heading\" data-id=\"63e2f22\" data-element_type=\"widget\" data-e-type=\"widget\" data-widget_type=\"heading.default\">\n\t\t\t\t<div class=\"elementor-widget-container\">\n\t\t\t\t\t<h2 class=\"elementor-heading-title elementor-size-default\">SI QUIERES SABER M\u00c1S SOBRE FISCALIDAD EN APUESTAS DEPORTIVAS, TIENES...<\/h2>\t\t\t\t<\/div>\n\t\t\t\t<\/div>\n\t\t\t\t<div class=\"elementor-element elementor-element-a661c36 elementor-widget elementor-widget-text-editor\" data-id=\"a661c36\" data-element_type=\"widget\" data-e-type=\"widget\" data-widget_type=\"text-editor.default\">\n\t\t\t\t<div class=\"elementor-widget-container\">\n\t\t\t\t\t\t\t\t\t<ul>\n \t<li><a href=\"https:\/\/winnerodds.com\/es\/guia-como-declarar-apuestas-deportivas-en-la-renta-2022\/\" target=\"_blank\">Gu\u00eda sobre c\u00f3mo declarar apuestas deportivas<\/a><\/li>\n<\/ul>\t\t\t\t\t\t\t\t<\/div>\n\t\t\t\t<\/div>\n\t\t\t\t<div class=\"elementor-element elementor-element-8ba827d elementor-widget__width-auto elementor-widget elementor-widget-heading\" data-id=\"8ba827d\" data-element_type=\"widget\" data-e-type=\"widget\" data-widget_type=\"heading.default\">\n\t\t\t\t<div class=\"elementor-widget-container\">\n\t\t\t\t\t<div class=\"elementor-heading-title elementor-size-default\">08<\/div>\t\t\t\t<\/div>\n\t\t\t\t<\/div>\n\t\t\t\t<div class=\"elementor-element elementor-element-6650271 elementor-widget elementor-widget-heading\" data-id=\"6650271\" data-element_type=\"widget\" data-e-type=\"widget\" data-widget_type=\"heading.default\">\n\t\t\t\t<div class=\"elementor-widget-container\">\n\t\t\t\t\t<h2 class=\"elementor-heading-title elementor-size-default\">Y SI DESPU\u00c9S DE TODO ESTO, TU PROBLEMA ES QUE NO TE FIAS, TE DEJO LA OPINI\u00d3N DE UN USUARIO QUE SIN DUDA TE DEJAR\u00c1 FLIPADO (NO APTO PARA SENSIBLES)<\/h2>\t\t\t\t<\/div>\n\t\t\t\t<\/div>\n\t\t\t\t<div class=\"elementor-element elementor-element-629c70c elementor-widget elementor-widget-text-editor\" data-id=\"629c70c\" data-element_type=\"widget\" data-e-type=\"widget\" data-widget_type=\"text-editor.default\">\n\t\t\t\t<div class=\"elementor-widget-container\">\n\t\t\t\t\t\t\t\t\t<ul><li aria-level=\"1\"><a href=\"https:\/\/youtube.com\/playlist?list=PLz3ClkNRq15BgKz4uUq-aZ5quq47KE0du&amp;si=UdYMQhmjLCFWbsSQ\" target=\"_blank\" rel=\"noopener\">Javier Lopeix y su experiencia en WinnerOdds<\/a><\/li><li aria-level=\"1\"><a href=\"https:\/\/winnerodds.com\/es\/un-usuario-winnerodds-nos-cuenta-su-experiencia\/\" target=\"_blank\" rel=\"noopener\">La historia del lobo belga, un usuario de WinnerOdds<\/a><\/li><\/ul>\t\t\t\t\t\t\t\t<\/div>\n\t\t\t\t<\/div>\n\t\t\t\t<div class=\"elementor-element elementor-element-5505a96 elementor-widget elementor-widget-text-editor\" data-id=\"5505a96\" data-element_type=\"widget\" data-e-type=\"widget\" data-widget_type=\"text-editor.default\">\n\t\t\t\t<div class=\"elementor-widget-container\">\n\t\t\t\t\t\t\t\t\t<p>Vamos, que tienes material de sobra para empezar.\u00a0<\/p><p>De hecho te recomendamos que si quieres sacarle el partido a tu suscripci\u00f3n, dediques al menos 2 horas semanales para exprimir todo el contenido que hay sobre la herramienta y exprimas la <a href=\"https:\/\/discord.gg\/9w6Mhk3J\" target=\"_blank\" rel=\"noopener\">comunidad en Discord<\/a>, donde podr\u00e1s compartir experiencias con otros usuarios y resolver dudas en directo.<\/p><p>No desaproveches la oportunidad, porque te har\u00e1 avanzar s\u00faper r\u00e1pido en estos inicios que siempre necesita cierta adaptaci\u00f3n.\u00a0<\/p><p>Adem\u00e1s, cada cierto tiempo hacemos un directo donde tratamos distintos temas sobre WinnerOdds, d\u00f3nde invertir tu dinero, gesti\u00f3n de stake.\u00a0<\/p><p>De vez en cuando tambi\u00e9n hacemos torneos de poker con la comunidad, que sirve un poco para pasar tiempo juntos y qui\u00e9n sabe, llevarse alg\u00fan pellizco como precio.\u00a0<\/p><p>En fin, espero que todo este te ayude y tenemos un equipo listo para resolver todas tus dudas<\/p><p>Saludos,\u00a0<\/p><p>Miguel Figueres<\/p><p><em>WinnerOdds<\/em><\/p>\t\t\t\t\t\t\t\t<\/div>\n\t\t\t\t<\/div>\n\t\t\t\t\t<\/div>\n\t\t<\/div>\n\t\t\t\t\t<\/div>\n\t\t<\/section>\n\t\t\t\t\t<\/div>\n\t\t<\/div>\n\t\t\t\t\t<\/div>\n\t\t<\/section>\n\t\t\t\t<\/div>\n\t\t","protected":false},"excerpt":{"rendered":"<p>Empezar Empezar Sabemos que empezar con algo tan nuevo puede ser un poco abrumador. Y por eso te mandamos este email.\u00a0 Queremos ayudarte a dar tus primeros pasos en WinnerOdds para que puedas sacar el m\u00e1ximo partido a la herramienta desde el primer momento. Vamos all\u00e1&#8230;. 01 SI TU PROBLEMA ES ENTENDER C\u00d3MO FUNCIONA WINNERODDS, [&hellip;]<\/p>\n","protected":false},"author":1,"featured_media":0,"parent":0,"menu_order":0,"comment_status":"closed","ping_status":"closed","template":"","meta":{"_acf_changed":false,"footnotes":""},"class_list":["post-20575","page","type-page","status-publish","hentry"],"acf":[],"_links":{"self":[{"href":"https:\/\/winnerodds.com\/es\/wp-json\/wp\/v2\/pages\/20575","targetHints":{"allow":["GET"]}}],"collection":[{"href":"https:\/\/winnerodds.com\/es\/wp-json\/wp\/v2\/pages"}],"about":[{"href":"https:\/\/winnerodds.com\/es\/wp-json\/wp\/v2\/types\/page"}],"author":[{"embeddable":true,"href":"https:\/\/winnerodds.com\/es\/wp-json\/wp\/v2\/users\/1"}],"replies":[{"embeddable":true,"href":"https:\/\/winnerodds.com\/es\/wp-json\/wp\/v2\/comments?post=20575"}],"version-history":[{"count":0,"href":"https:\/\/winnerodds.com\/es\/wp-json\/wp\/v2\/pages\/20575\/revisions"}],"wp:attachment":[{"href":"https:\/\/winnerodds.com\/es\/wp-json\/wp\/v2\/media?parent=20575"}],"curies":[{"name":"wp","href":"https:\/\/api.w.org\/{rel}","templated":true}]}}