{"id":5452,"date":"2020-06-23T15:44:57","date_gmt":"2020-06-23T15:44:57","guid":{"rendered":"http:\/\/www2.winnerodds.com\/how-to-beat-the-bookies\/"},"modified":"2025-01-12T17:10:39","modified_gmt":"2025-01-12T17:10:39","slug":"como-ganar-dinero-apostando","status":"publish","type":"page","link":"https:\/\/winnerodds.com\/es\/como-ganar-dinero-apostando\/","title":{"rendered":"C\u00f3mo ganar dinero apostando"},"content":{"rendered":"\t\t<div data-elementor-type=\"wp-page\" data-elementor-id=\"5452\" class=\"elementor elementor-5452 elementor-380\" data-elementor-post-type=\"page\">\n\t\t\t\t\t\t<section class=\"elementor-section elementor-top-section elementor-element elementor-element-6ee226e elementor-section-full_width elementor-section-height-default elementor-section-height-default\" data-id=\"6ee226e\" data-element_type=\"section\" data-e-type=\"section\">\n\t\t\t\t\t\t<div class=\"elementor-container elementor-column-gap-default\">\n\t\t\t\t\t<div class=\"elementor-column elementor-col-100 elementor-top-column elementor-element elementor-element-bcdf59e\" data-id=\"bcdf59e\" data-element_type=\"column\" data-e-type=\"column\" data-settings=\"{&quot;background_background&quot;:&quot;gradient&quot;}\">\n\t\t\t<div class=\"elementor-widget-wrap elementor-element-populated\">\n\t\t\t\t\t\t<div class=\"elementor-element elementor-element-92f7a88 elementor-widget elementor-widget-heading\" data-id=\"92f7a88\" data-element_type=\"widget\" data-e-type=\"widget\" data-widget_type=\"heading.default\">\n\t\t\t\t<div class=\"elementor-widget-container\">\n\t\t\t\t\t<h1 class=\"elementor-heading-title elementor-size-default\">C\u00f3mo ganar dinero apostando<\/h1>\t\t\t\t<\/div>\n\t\t\t\t<\/div>\n\t\t\t\t\t<\/div>\n\t\t<\/div>\n\t\t\t\t\t<\/div>\n\t\t<\/section>\n\t\t\t\t<section class=\"elementor-section elementor-top-section elementor-element elementor-element-29c9093e elementor-section-boxed elementor-section-height-default elementor-section-height-default\" data-id=\"29c9093e\" data-element_type=\"section\" data-e-type=\"section\">\n\t\t\t\t\t\t<div class=\"elementor-container elementor-column-gap-default\">\n\t\t\t\t\t<div class=\"elementor-column elementor-col-100 elementor-top-column elementor-element elementor-element-5bbc301f\" data-id=\"5bbc301f\" data-element_type=\"column\" data-e-type=\"column\">\n\t\t\t<div class=\"elementor-widget-wrap elementor-element-populated\">\n\t\t\t\t\t\t<div class=\"elementor-element elementor-element-12afd3e elementor-widget elementor-widget-image\" data-id=\"12afd3e\" data-element_type=\"widget\" data-e-type=\"widget\" data-widget_type=\"image.default\">\n\t\t\t\t<div class=\"elementor-widget-container\">\n\t\t\t\t\t\t\t\t\t\t\t\t\t\t\t<img decoding=\"async\" src=\"https:\/\/winnerodds.com\/wp-content\/uploads\/2021\/07\/Illustrations-14.svg\" class=\"attachment-full size-full wp-image-2027\" alt=\"\" title=\"\">\t\t\t\t\t\t\t\t\t\t\t\t\t\t\t<\/div>\n\t\t\t\t<\/div>\n\t\t\t\t<div class=\"elementor-element elementor-element-53dd795 elementor-widget elementor-widget-text-editor\" data-id=\"53dd795\" data-element_type=\"widget\" data-e-type=\"widget\" data-widget_type=\"text-editor.default\">\n\t\t\t\t<div class=\"elementor-widget-container\">\n\t\t\t\t\t\t\t\t\t<p>Descubre los conceptos imprescindibles para invertir en apuestas deportivas<\/p>\t\t\t\t\t\t\t\t<\/div>\n\t\t\t\t<\/div>\n\t\t\t\t\t<\/div>\n\t\t<\/div>\n\t\t\t\t\t<\/div>\n\t\t<\/section>\n\t\t\t\t<section class=\"elementor-section elementor-top-section elementor-element elementor-element-de7e650 elementor-section-boxed elementor-section-height-default elementor-section-height-default\" data-id=\"de7e650\" data-element_type=\"section\" data-e-type=\"section\" id=\"ebook_form\">\n\t\t\t\t\t\t<div class=\"elementor-container elementor-column-gap-default\">\n\t\t\t\t\t<div class=\"elementor-column elementor-col-50 elementor-top-column elementor-element elementor-element-018feb4\" data-id=\"018feb4\" data-element_type=\"column\" data-e-type=\"column\">\n\t\t\t<div class=\"elementor-widget-wrap elementor-element-populated\">\n\t\t\t\t\t\t<div class=\"elementor-element elementor-element-fb4dcf4 elementor-widget elementor-widget-image\" data-id=\"fb4dcf4\" data-element_type=\"widget\" data-e-type=\"widget\" data-widget_type=\"image.default\">\n\t\t\t\t<div class=\"elementor-widget-container\">\n\t\t\t\t\t\t\t\t\t\t\t\t\t\t\t<img fetchpriority=\"high\" decoding=\"async\" width=\"378\" height=\"535\" src=\"https:\/\/winnerodds.com\/wp-content\/uploads\/2020\/06\/WinnerOdds-Co\u0301mo-ganar-dinero-apostando.png\" class=\"attachment-full size-full wp-image-385\" alt=\"\" srcset=\"https:\/\/winnerodds.com\/wp-content\/uploads\/2020\/06\/WinnerOdds-Co\u0301mo-ganar-dinero-apostando.png 378w, https:\/\/winnerodds.com\/wp-content\/uploads\/2020\/06\/WinnerOdds-Co\u0301mo-ganar-dinero-apostando-212x300.png 212w\" sizes=\"(max-width: 378px) 100vw, 378px\" title=\"\">\t\t\t\t\t\t\t\t\t\t\t\t\t\t\t<\/div>\n\t\t\t\t<\/div>\n\t\t\t\t\t<\/div>\n\t\t<\/div>\n\t\t\t\t<div class=\"elementor-column elementor-col-50 elementor-top-column elementor-element elementor-element-c39c71a\" data-id=\"c39c71a\" data-element_type=\"column\" data-e-type=\"column\">\n\t\t\t<div class=\"elementor-widget-wrap elementor-element-populated\">\n\t\t\t\t\t\t<div class=\"elementor-element elementor-element-bc65f22 elementor-widget elementor-widget-heading\" data-id=\"bc65f22\" data-element_type=\"widget\" data-e-type=\"widget\" data-widget_type=\"heading.default\">\n\t\t\t\t<div class=\"elementor-widget-container\">\n\t\t\t\t\t<h2 class=\"elementor-heading-title elementor-size-default\">Completa el formulario<br> para recibir el Ebook gratis<\/h2>\t\t\t\t<\/div>\n\t\t\t\t<\/div>\n\t\t\t\t<div class=\"elementor-element elementor-element-7bc7eb6 elementor-widget elementor-widget-html\" data-id=\"7bc7eb6\" data-element_type=\"widget\" data-e-type=\"widget\" data-widget_type=\"html.default\">\n\t\t\t\t<div class=\"elementor-widget-container\">\n\t\t\t\t\t<script type=\"text\/javascript\" src=\"https:\/\/app.getresponse.com\/view_webform_v2.js?u=yDP8v&webforms_id=hKHsx\" data-webform-id=\"hKHsx\"><\/script>\t\t\t\t<\/div>\n\t\t\t\t<\/div>\n\t\t\t\t\t<\/div>\n\t\t<\/div>\n\t\t\t\t\t<\/div>\n\t\t<\/section>\n\t\t\t\t<section class=\"elementor-section elementor-top-section elementor-element elementor-element-14d9e3a3 elementor-section-boxed elementor-section-height-default elementor-section-height-default\" data-id=\"14d9e3a3\" data-element_type=\"section\" data-e-type=\"section\" data-settings=\"{&quot;background_background&quot;:&quot;classic&quot;}\">\n\t\t\t\t\t\t<div class=\"elementor-container elementor-column-gap-default\">\n\t\t\t\t\t<div class=\"elementor-column elementor-col-100 elementor-top-column elementor-element elementor-element-e4ff4de\" data-id=\"e4ff4de\" data-element_type=\"column\" data-e-type=\"column\">\n\t\t\t<div class=\"elementor-widget-wrap elementor-element-populated\">\n\t\t\t\t\t\t<div class=\"elementor-element elementor-element-4cf87c60 elementor-widget elementor-widget-text-editor\" data-id=\"4cf87c60\" data-element_type=\"widget\" data-e-type=\"widget\" data-widget_type=\"text-editor.default\">\n\t\t\t\t<div class=\"elementor-widget-container\">\n\t\t\t\t\t\t\t\t\t<p>\u00bfPor qu\u00e9 te va a encantar este ebook?<\/p>\t\t\t\t\t\t\t\t<\/div>\n\t\t\t\t<\/div>\n\t\t\t\t<div class=\"elementor-element elementor-element-b448c32 elementor-widget elementor-widget-text-editor\" data-id=\"b448c32\" data-element_type=\"widget\" data-e-type=\"widget\" data-widget_type=\"text-editor.default\">\n\t\t\t\t<div class=\"elementor-widget-container\">\n\t\t\t\t\t\t\t\t\t<p>En este libro, puedes encontrar una breve introducci\u00f3n (o no tan breve) a la \u2018ciencia del juego\u2019. Espero que, si eres un nuevo apostador, aprendas conceptos b\u00e1sicos sobre apuestas deportivas que, a m\u00ed, me hubiera gustado haber sabido antes de comenzar a apostar mi dinero.<\/p><p>Si tienes experiencia previa en las apuestas , encontrar\u00e1s nuevos puntos de vista que me han servido en diferentes campos como el p\u00f3quer, los mercados de divisas y la ingenier\u00eda civil.<\/p>\t\t\t\t\t\t\t\t<\/div>\n\t\t\t\t<\/div>\n\t\t\t\t<div class=\"elementor-element elementor-element-ac06cff elementor-widget elementor-widget-text-editor\" data-id=\"ac06cff\" data-element_type=\"widget\" data-e-type=\"widget\" data-widget_type=\"text-editor.default\">\n\t\t\t\t<div class=\"elementor-widget-container\">\n\t\t\t\t\t\t\t\t\t<p>Miguel Figueres<\/p>\t\t\t\t\t\t\t\t<\/div>\n\t\t\t\t<\/div>\n\t\t\t\t\t<\/div>\n\t\t<\/div>\n\t\t\t\t\t<\/div>\n\t\t<\/section>\n\t\t\t\t<section class=\"elementor-section elementor-top-section elementor-element elementor-element-683e7d3 elementor-section-boxed elementor-section-height-default elementor-section-height-default\" data-id=\"683e7d3\" data-element_type=\"section\" data-e-type=\"section\">\n\t\t\t\t\t\t<div class=\"elementor-container elementor-column-gap-default\">\n\t\t\t\t\t<div class=\"elementor-column elementor-col-100 elementor-top-column elementor-element elementor-element-b94240e\" data-id=\"b94240e\" data-element_type=\"column\" data-e-type=\"column\">\n\t\t\t<div class=\"elementor-widget-wrap elementor-element-populated\">\n\t\t\t\t\t\t<div class=\"elementor-element elementor-element-f5eb694 elementor-widget elementor-widget-heading\" data-id=\"f5eb694\" data-element_type=\"widget\" data-e-type=\"widget\" data-widget_type=\"heading.default\">\n\t\t\t\t<div class=\"elementor-widget-container\">\n\t\t\t\t\t<h2 class=\"elementor-heading-title elementor-size-default\">\u00bfQu\u00e9 vas a aprender?<\/h2>\t\t\t\t<\/div>\n\t\t\t\t<\/div>\n\t\t\t\t<section class=\"elementor-section elementor-inner-section elementor-element elementor-element-70b955d elementor-section-boxed elementor-section-height-default elementor-section-height-default\" data-id=\"70b955d\" data-element_type=\"section\" data-e-type=\"section\">\n\t\t\t\t\t\t<div class=\"elementor-container elementor-column-gap-default\">\n\t\t\t\t\t<div class=\"elementor-column elementor-col-50 elementor-inner-column elementor-element elementor-element-a049c90\" data-id=\"a049c90\" data-element_type=\"column\" data-e-type=\"column\">\n\t\t\t<div class=\"elementor-widget-wrap elementor-element-populated\">\n\t\t\t\t\t\t<div class=\"elementor-element elementor-element-55a3350 elementor-widget elementor-widget-image\" data-id=\"55a3350\" data-element_type=\"widget\" data-e-type=\"widget\" data-widget_type=\"image.default\">\n\t\t\t\t<div class=\"elementor-widget-container\">\n\t\t\t\t\t\t\t\t\t\t\t\t\t\t\t<img decoding=\"async\" width=\"379\" height=\"535\" src=\"https:\/\/winnerodds.com\/wp-content\/uploads\/2020\/06\/Indice-Co\u0301mo-ganar-dinero-apostando.png\" class=\"attachment-full size-full wp-image-383\" alt=\"\" srcset=\"https:\/\/winnerodds.com\/wp-content\/uploads\/2020\/06\/Indice-Co\u0301mo-ganar-dinero-apostando.png 379w, https:\/\/winnerodds.com\/wp-content\/uploads\/2020\/06\/Indice-Co\u0301mo-ganar-dinero-apostando-213x300.png 213w\" sizes=\"(max-width: 379px) 100vw, 379px\" title=\"\">\t\t\t\t\t\t\t\t\t\t\t\t\t\t\t<\/div>\n\t\t\t\t<\/div>\n\t\t\t\t\t<\/div>\n\t\t<\/div>\n\t\t\t\t<div class=\"elementor-column elementor-col-50 elementor-inner-column elementor-element elementor-element-013a01a\" data-id=\"013a01a\" data-element_type=\"column\" data-e-type=\"column\">\n\t\t\t<div class=\"elementor-widget-wrap elementor-element-populated\">\n\t\t\t\t\t\t<div class=\"elementor-element elementor-element-bf119db elementor-widget elementor-widget-text-editor\" data-id=\"bf119db\" data-element_type=\"widget\" data-e-type=\"widget\" data-widget_type=\"text-editor.default\">\n\t\t\t\t<div class=\"elementor-widget-container\">\n\t\t\t\t\t\t\t\t\t<ol><li><strong>La verdadera importancia de las cuotas.<\/strong> Qu\u00e9 son y qu\u00e9 diferencia hay entre cuotas bien ajustadas, cuotas ineficientes o desajustadas, cuotas bien ajustadas con comisi\u00f3n y cuotas ineficientes con comisi\u00f3n.<\/li><li><strong>Encontrar valor en las apuestas deportivas.<\/strong> C\u00f3mo ser un apostador rentable, estimaci\u00f3n de probabilidades, movimientos de cuotas e ineficiencias en el mercado de apuestas deportivas.<br \/><br \/><\/li><li><strong>Conceptos clave en apuestas deportivas.<\/strong> Un glosario de 26 t\u00e9rminos y expresiones con los que deber\u00edas estar familiarizado.<br \/><br \/><\/li><li><strong>Diferencias entre un apostador aficionado y un apostador profesional.<\/strong> Cu\u00e1les son las principales pr\u00e1cticas que llevan a cabo todos los apostadores profesionales.<br \/><br \/><\/li><li><strong>Desvelando los 3 enga\u00f1os de las casas de apuestas.<br \/><br \/><\/strong><\/li><li><strong>Casas de apuestas para aficionados (soft) y para expertos (sharp).<\/strong> Liquidez de mercado y limitaciones.<br \/><br \/><\/li><li><strong>Los 5 mejores consejos que puedo darte.<\/strong><\/li><\/ol>\t\t\t\t\t\t\t\t<\/div>\n\t\t\t\t<\/div>\n\t\t\t\t\t<\/div>\n\t\t<\/div>\n\t\t\t\t\t<\/div>\n\t\t<\/section>\n\t\t\t\t\t<\/div>\n\t\t<\/div>\n\t\t\t\t\t<\/div>\n\t\t<\/section>\n\t\t\t\t<section class=\"elementor-section elementor-top-section elementor-element elementor-element-701fdb81 elementor-section-boxed elementor-section-height-default elementor-section-height-default\" data-id=\"701fdb81\" data-element_type=\"section\" data-e-type=\"section\" data-settings=\"{&quot;background_background&quot;:&quot;classic&quot;}\">\n\t\t\t\t\t\t<div class=\"elementor-container elementor-column-gap-default\">\n\t\t\t\t\t<div class=\"elementor-column elementor-col-100 elementor-top-column elementor-element elementor-element-4b6f6e9c\" data-id=\"4b6f6e9c\" data-element_type=\"column\" data-e-type=\"column\">\n\t\t\t<div class=\"elementor-widget-wrap elementor-element-populated\">\n\t\t\t\t\t\t<div class=\"elementor-element elementor-element-a3a789c elementor-widget elementor-widget-text-editor\" data-id=\"a3a789c\" data-element_type=\"widget\" data-e-type=\"widget\" data-widget_type=\"text-editor.default\">\n\t\t\t\t<div class=\"elementor-widget-container\">\n\t\t\t\t\t\t\t\t\t<p>\u00a1NO TE LO PIENSES 2 VECES!<\/p>\t\t\t\t\t\t\t\t<\/div>\n\t\t\t\t<\/div>\n\t\t\t\t<div class=\"elementor-element elementor-element-2298a82b elementor-widget elementor-widget-text-editor\" data-id=\"2298a82b\" data-element_type=\"widget\" data-e-type=\"widget\" data-widget_type=\"text-editor.default\">\n\t\t\t\t<div class=\"elementor-widget-container\">\n\t\t\t\t\t\t\t\t\t<p>Renueva tus conocimientos sobre apuestas deportivas y mejora tus resultados para vencer a las Casas.<\/p>\t\t\t\t\t\t\t\t<\/div>\n\t\t\t\t<\/div>\n\t\t\t\t<div class=\"elementor-element elementor-element-78a03f1 elementor-align-center elementor-widget elementor-widget-button\" data-id=\"78a03f1\" data-element_type=\"widget\" data-e-type=\"widget\" data-widget_type=\"button.default\">\n\t\t\t\t<div class=\"elementor-widget-container\">\n\t\t\t\t\t\t\t\t\t<div class=\"elementor-button-wrapper\">\n\t\t\t\t\t<a class=\"elementor-button elementor-button-link elementor-size-sm\" href=\"#ebook_form\">\n\t\t\t\t\t\t<span class=\"elementor-button-content-wrapper\">\n\t\t\t\t\t\t\t\t\t<span class=\"elementor-button-text\">Rellena el formulario y desc\u00e1rgatelo ya<\/span>\n\t\t\t\t\t<\/span>\n\t\t\t\t\t<\/a>\n\t\t\t\t<\/div>\n\t\t\t\t\t\t\t\t<\/div>\n\t\t\t\t<\/div>\n\t\t\t\t\t<\/div>\n\t\t<\/div>\n\t\t\t\t\t<\/div>\n\t\t<\/section>\n\t\t\t\t<section class=\"elementor-section elementor-top-section elementor-element elementor-element-1959f25 elementor-section-boxed elementor-section-height-default elementor-section-height-default\" data-id=\"1959f25\" data-element_type=\"section\" data-e-type=\"section\">\n\t\t\t\t\t\t<div class=\"elementor-container elementor-column-gap-wide\">\n\t\t\t\t\t<div class=\"elementor-column elementor-col-50 elementor-top-column elementor-element elementor-element-c40bc74\" data-id=\"c40bc74\" data-element_type=\"column\" data-e-type=\"column\">\n\t\t\t<div class=\"elementor-widget-wrap elementor-element-populated\">\n\t\t\t\t\t\t<div class=\"elementor-element elementor-element-2512995 elementor-widget elementor-widget-image\" data-id=\"2512995\" data-element_type=\"widget\" data-e-type=\"widget\" data-widget_type=\"image.default\">\n\t\t\t\t<div class=\"elementor-widget-container\">\n\t\t\t\t\t\t\t\t\t\t\t\t\t\t\t<img decoding=\"async\" width=\"382\" height=\"769\" src=\"https:\/\/winnerodds.com\/wp-content\/uploads\/2020\/06\/Miguel-Figueres-how-to-beat-the-bookies.png\" class=\"attachment-full size-full wp-image-384\" alt=\"\" srcset=\"https:\/\/winnerodds.com\/wp-content\/uploads\/2020\/06\/Miguel-Figueres-how-to-beat-the-bookies.png 382w, https:\/\/winnerodds.com\/wp-content\/uploads\/2020\/06\/Miguel-Figueres-how-to-beat-the-bookies-149x300.png 149w\" sizes=\"(max-width: 382px) 100vw, 382px\" title=\"\">\t\t\t\t\t\t\t\t\t\t\t\t\t\t\t<\/div>\n\t\t\t\t<\/div>\n\t\t\t\t\t<\/div>\n\t\t<\/div>\n\t\t\t\t<div class=\"elementor-column elementor-col-50 elementor-top-column elementor-element elementor-element-4f64412\" data-id=\"4f64412\" data-element_type=\"column\" data-e-type=\"column\">\n\t\t\t<div class=\"elementor-widget-wrap elementor-element-populated\">\n\t\t\t\t\t\t<div class=\"elementor-element elementor-element-061b48c elementor-widget elementor-widget-heading\" data-id=\"061b48c\" data-element_type=\"widget\" data-e-type=\"widget\" data-widget_type=\"heading.default\">\n\t\t\t\t<div class=\"elementor-widget-container\">\n\t\t\t\t\t<h2 class=\"elementor-heading-title elementor-size-default\">Bio del autor<\/h2>\t\t\t\t<\/div>\n\t\t\t\t<\/div>\n\t\t\t\t<div class=\"elementor-element elementor-element-57e8341 elementor-widget elementor-widget-text-editor\" data-id=\"57e8341\" data-element_type=\"widget\" data-e-type=\"widget\" data-widget_type=\"text-editor.default\">\n\t\t\t\t<div class=\"elementor-widget-container\">\n\t\t\t\t\t\t\t\t\t<p>Miguel Figueres es el creador de WinnerOdds. Profesor asociado de la Universidad Polite\u0301cnica de Valencia, fundador de su propia empresa de Ingenieri\u0301a Mari\u0301tima (Ingeomar) y experto en aplicaciones de algoritmos de Inteligencia Artificial como Redes Neuronales, Algoritmos Gene\u0301ticos y Recocido Simulado.<\/p><p>Para perfeccionar su me\u0301todo de apuestas, ha aprovechado adema\u0301s de los conocimientos de Ingenieri\u0301a Civil, su experiencia en el mundo del po\u0301quer y la programacio\u0301n de Expert Advisors para inversiones en Forex.<\/p><p>Sin embargo, en WinnerOdds ha encontrado la posibilidad de disfrutar de dos de sus mayores intereses: estad\u00edstica y deportes, calculando las probabilidades de resultados deportivos.<\/p><p>El origen de WinnerOdds se debe a que las casas de apuestas no le dejaron ganar dinero apostando indefinidamente, por lo que decidio\u0301 crear WinnerOdds para que otros tambie\u0301n pudieran rentabilizar este sistema de apuestas deportivas.<\/p>\t\t\t\t\t\t\t\t<\/div>\n\t\t\t\t<\/div>\n\t\t\t\t\t<\/div>\n\t\t<\/div>\n\t\t\t\t\t<\/div>\n\t\t<\/section>\n\t\t\t\t<\/div>\n\t\t","protected":false},"excerpt":{"rendered":"<p>C\u00f3mo ganar dinero apostando Descubre los conceptos imprescindibles para invertir en apuestas deportivas Completa el formulario para recibir el Ebook gratis \u00bfPor qu\u00e9 te va a encantar este ebook? En este libro, puedes encontrar una breve introducci\u00f3n (o no tan breve) a la \u2018ciencia del juego\u2019. Espero que, si eres un nuevo apostador, aprendas conceptos [&hellip;]<\/p>\n","protected":false},"author":2,"featured_media":0,"parent":0,"menu_order":0,"comment_status":"closed","ping_status":"closed","template":"","meta":{"_acf_changed":false,"footnotes":""},"class_list":["post-5452","page","type-page","status-publish","hentry"],"acf":[],"_links":{"self":[{"href":"https:\/\/winnerodds.com\/es\/wp-json\/wp\/v2\/pages\/5452","targetHints":{"allow":["GET"]}}],"collection":[{"href":"https:\/\/winnerodds.com\/es\/wp-json\/wp\/v2\/pages"}],"about":[{"href":"https:\/\/winnerodds.com\/es\/wp-json\/wp\/v2\/types\/page"}],"author":[{"embeddable":true,"href":"https:\/\/winnerodds.com\/es\/wp-json\/wp\/v2\/users\/2"}],"replies":[{"embeddable":true,"href":"https:\/\/winnerodds.com\/es\/wp-json\/wp\/v2\/comments?post=5452"}],"version-history":[{"count":0,"href":"https:\/\/winnerodds.com\/es\/wp-json\/wp\/v2\/pages\/5452\/revisions"}],"wp:attachment":[{"href":"https:\/\/winnerodds.com\/es\/wp-json\/wp\/v2\/media?parent=5452"}],"curies":[{"name":"wp","href":"https:\/\/api.w.org\/{rel}","templated":true}]}}