{"id":7279,"date":"2021-07-11T16:19:12","date_gmt":"2021-07-11T16:19:12","guid":{"rendered":"https:\/\/www.winnerodds.com\/thank-you-for-download-the-ebook\/"},"modified":"2022-04-08T14:20:10","modified_gmt":"2022-04-08T14:20:10","slug":"gracias-por-descargarte-el-libro","status":"publish","type":"page","link":"https:\/\/winnerodds.com\/es\/gracias-por-descargarte-el-libro\/","title":{"rendered":"Thank you for download the ebook"},"content":{"rendered":"\t\t<div data-elementor-type=\"wp-page\" data-elementor-id=\"7279\" class=\"elementor elementor-7279 elementor-2453\" data-elementor-post-type=\"page\">\n\t\t\t\t\t\t<section class=\"elementor-section elementor-top-section elementor-element elementor-element-f10c142 elementor-section-boxed elementor-section-height-default elementor-section-height-default\" data-id=\"f10c142\" data-element_type=\"section\" data-e-type=\"section\">\n\t\t\t\t\t\t<div class=\"elementor-container elementor-column-gap-default\">\n\t\t\t\t\t<div class=\"elementor-column elementor-col-100 elementor-top-column elementor-element elementor-element-2b522b9c\" data-id=\"2b522b9c\" data-element_type=\"column\" data-e-type=\"column\">\n\t\t\t<div class=\"elementor-widget-wrap elementor-element-populated\">\n\t\t\t\t\t\t<div class=\"elementor-element elementor-element-245fbd28 elementor-widget elementor-widget-image\" data-id=\"245fbd28\" data-element_type=\"widget\" data-e-type=\"widget\" data-widget_type=\"image.default\">\n\t\t\t\t<div class=\"elementor-widget-container\">\n\t\t\t\t\t\t\t\t\t\t\t\t\t\t\t<img decoding=\"async\" src=\"https:\/\/winnerodds.com\/wp-content\/uploads\/2021\/06\/thank_you.svg\" class=\"attachment-full size-full wp-image-1436\" alt=\"\" title=\"\">\t\t\t\t\t\t\t\t\t\t\t\t\t\t\t<\/div>\n\t\t\t\t<\/div>\n\t\t\t\t<div class=\"elementor-element elementor-element-55f9bee7 elementor-widget elementor-widget-text-editor\" data-id=\"55f9bee7\" data-element_type=\"widget\" data-e-type=\"widget\" data-widget_type=\"text-editor.default\">\n\t\t\t\t<div class=\"elementor-widget-container\">\n\t\t\t\t\t\t\t\t\t<p>Lo tienes<\/p>\t\t\t\t\t\t\t\t<\/div>\n\t\t\t\t<\/div>\n\t\t\t\t<div class=\"elementor-element elementor-element-b2aba8b elementor-widget elementor-widget-text-editor\" data-id=\"b2aba8b\" data-element_type=\"widget\" data-e-type=\"widget\" data-widget_type=\"text-editor.default\">\n\t\t\t\t<div class=\"elementor-widget-container\">\n\t\t\t\t\t\t\t\t\t<p>Si no est\u00e1s en nuestra lista, primero recibir\u00e1s un correo electr\u00f3nico para confirmar que eres humano.<\/p><p>\u00a0<\/p><p><span style=\"text-decoration: underline;\">En el caso de no recibir el correo, por favor revisa la carpeta de Spam<\/span> de tu correo electr\u00f3nico y marca nuestro correo como seguro.<\/p><p>\u00a0<\/p><p>Si usas Gmail, aseg\u00farate de que no ha llegado a promociones, si lo ha hecho, arr\u00e1stralo a la carpeta principal. Si a\u00fan usas hotmail, lo sentimos por ti.<\/p><p>\u00a0<\/p><p>Disfruta de la lectura.<\/p>\t\t\t\t\t\t\t\t<\/div>\n\t\t\t\t<\/div>\n\t\t\t\t<div class=\"elementor-element elementor-element-5ad993a0 elementor-align-center elementor-widget elementor-widget-button\" data-id=\"5ad993a0\" data-element_type=\"widget\" data-e-type=\"widget\" data-widget_type=\"button.default\">\n\t\t\t\t<div class=\"elementor-widget-container\">\n\t\t\t\t\t\t\t\t\t<div class=\"elementor-button-wrapper\">\n\t\t\t\t\t<a class=\"elementor-button elementor-button-link elementor-size-sm\" href=\"https:\/\/winnerodds.com\/es\/\">\n\t\t\t\t\t\t<span class=\"elementor-button-content-wrapper\">\n\t\t\t\t\t\t\t\t\t<span class=\"elementor-button-text\">WinnerOdds<\/span>\n\t\t\t\t\t<\/span>\n\t\t\t\t\t<\/a>\n\t\t\t\t<\/div>\n\t\t\t\t\t\t\t\t<\/div>\n\t\t\t\t<\/div>\n\t\t\t\t\t<\/div>\n\t\t<\/div>\n\t\t\t\t\t<\/div>\n\t\t<\/section>\n\t\t\t\t<\/div>\n\t\t","protected":false},"excerpt":{"rendered":"<p>Lo tienes Si no est\u00e1s en nuestra lista, primero recibir\u00e1s un correo electr\u00f3nico para confirmar que eres humano. \u00a0 En el caso de no recibir el correo, por favor revisa la carpeta de Spam de tu correo electr\u00f3nico y marca nuestro correo como seguro. \u00a0 Si usas Gmail, aseg\u00farate de que no ha llegado a [&hellip;]<\/p>\n","protected":false},"author":1,"featured_media":0,"parent":0,"menu_order":0,"comment_status":"closed","ping_status":"closed","template":"","meta":{"_acf_changed":false,"footnotes":""},"class_list":["post-7279","page","type-page","status-publish","hentry"],"acf":[],"_links":{"self":[{"href":"https:\/\/winnerodds.com\/es\/wp-json\/wp\/v2\/pages\/7279","targetHints":{"allow":["GET"]}}],"collection":[{"href":"https:\/\/winnerodds.com\/es\/wp-json\/wp\/v2\/pages"}],"about":[{"href":"https:\/\/winnerodds.com\/es\/wp-json\/wp\/v2\/types\/page"}],"author":[{"embeddable":true,"href":"https:\/\/winnerodds.com\/es\/wp-json\/wp\/v2\/users\/1"}],"replies":[{"embeddable":true,"href":"https:\/\/winnerodds.com\/es\/wp-json\/wp\/v2\/comments?post=7279"}],"version-history":[{"count":0,"href":"https:\/\/winnerodds.com\/es\/wp-json\/wp\/v2\/pages\/7279\/revisions"}],"wp:attachment":[{"href":"https:\/\/winnerodds.com\/es\/wp-json\/wp\/v2\/media?parent=7279"}],"curies":[{"name":"wp","href":"https:\/\/api.w.org\/{rel}","templated":true}]}}